{"id":303,"date":"2024-04-25T10:46:50","date_gmt":"2024-04-25T15:46:50","guid":{"rendered":"https:\/\/eyboxcourier.com\/?page_id=303"},"modified":"2024-04-25T11:00:37","modified_gmt":"2024-04-25T16:00:37","slug":"politica-de-privacidad","status":"publish","type":"page","link":"https:\/\/eyboxcourier.com\/index.php\/politica-de-privacidad\/","title":{"rendered":"Pol\u00edtica de Privacidad"},"content":{"rendered":"\t\t<div data-elementor-type=\"wp-page\" data-elementor-id=\"303\" class=\"elementor elementor-303\">\n\t\t\t\t\t\t\t\t\t<section class=\"elementor-section elementor-top-section elementor-element elementor-element-a7d4aea elementor-section-boxed elementor-section-height-default elementor-section-height-default\" data-id=\"a7d4aea\" data-element_type=\"section\">\n\t\t\t\t\t\t<div class=\"elementor-container elementor-column-gap-default\">\n\t\t\t\t\t<div class=\"elementor-column elementor-col-100 elementor-top-column elementor-element elementor-element-1527228\" data-id=\"1527228\" data-element_type=\"column\">\n\t\t\t<div class=\"elementor-widget-wrap elementor-element-populated\">\n\t\t\t\t\t\t\t\t<div class=\"elementor-element elementor-element-2f8ea7a elementor-widget-divider--separator-type-pattern elementor-widget-divider--view-line elementor-widget elementor-widget-divider\" data-id=\"2f8ea7a\" data-element_type=\"widget\" data-widget_type=\"divider.default\">\n\t\t\t\t<div class=\"elementor-widget-container\">\n\t\t\t<style>\/*! elementor - v3.15.0 - 20-08-2023 *\/\n.elementor-widget-divider{--divider-border-style:none;--divider-border-width:1px;--divider-color:#0c0d0e;--divider-icon-size:20px;--divider-element-spacing:10px;--divider-pattern-height:24px;--divider-pattern-size:20px;--divider-pattern-url:none;--divider-pattern-repeat:repeat-x}.elementor-widget-divider .elementor-divider{display:flex}.elementor-widget-divider .elementor-divider__text{font-size:15px;line-height:1;max-width:95%}.elementor-widget-divider .elementor-divider__element{margin:0 var(--divider-element-spacing);flex-shrink:0}.elementor-widget-divider .elementor-icon{font-size:var(--divider-icon-size)}.elementor-widget-divider .elementor-divider-separator{display:flex;margin:0;direction:ltr}.elementor-widget-divider--view-line_icon .elementor-divider-separator,.elementor-widget-divider--view-line_text .elementor-divider-separator{align-items:center}.elementor-widget-divider--view-line_icon .elementor-divider-separator:after,.elementor-widget-divider--view-line_icon .elementor-divider-separator:before,.elementor-widget-divider--view-line_text .elementor-divider-separator:after,.elementor-widget-divider--view-line_text .elementor-divider-separator:before{display:block;content:\"\";border-bottom:0;flex-grow:1;border-top:var(--divider-border-width) var(--divider-border-style) var(--divider-color)}.elementor-widget-divider--element-align-left .elementor-divider .elementor-divider-separator>.elementor-divider__svg:first-of-type{flex-grow:0;flex-shrink:100}.elementor-widget-divider--element-align-left .elementor-divider-separator:before{content:none}.elementor-widget-divider--element-align-left .elementor-divider__element{margin-left:0}.elementor-widget-divider--element-align-right .elementor-divider .elementor-divider-separator>.elementor-divider__svg:last-of-type{flex-grow:0;flex-shrink:100}.elementor-widget-divider--element-align-right .elementor-divider-separator:after{content:none}.elementor-widget-divider--element-align-right .elementor-divider__element{margin-right:0}.elementor-widget-divider:not(.elementor-widget-divider--view-line_text):not(.elementor-widget-divider--view-line_icon) .elementor-divider-separator{border-top:var(--divider-border-width) var(--divider-border-style) var(--divider-color)}.elementor-widget-divider--separator-type-pattern{--divider-border-style:none}.elementor-widget-divider--separator-type-pattern.elementor-widget-divider--view-line .elementor-divider-separator,.elementor-widget-divider--separator-type-pattern:not(.elementor-widget-divider--view-line) .elementor-divider-separator:after,.elementor-widget-divider--separator-type-pattern:not(.elementor-widget-divider--view-line) .elementor-divider-separator:before,.elementor-widget-divider--separator-type-pattern:not([class*=elementor-widget-divider--view]) .elementor-divider-separator{width:100%;min-height:var(--divider-pattern-height);-webkit-mask-size:var(--divider-pattern-size) 100%;mask-size:var(--divider-pattern-size) 100%;-webkit-mask-repeat:var(--divider-pattern-repeat);mask-repeat:var(--divider-pattern-repeat);background-color:var(--divider-color);-webkit-mask-image:var(--divider-pattern-url);mask-image:var(--divider-pattern-url)}.elementor-widget-divider--no-spacing{--divider-pattern-size:auto}.elementor-widget-divider--bg-round{--divider-pattern-repeat:round}.rtl .elementor-widget-divider .elementor-divider__text{direction:rtl}.e-con-inner>.elementor-widget-divider,.e-con>.elementor-widget-divider{width:var(--container-widget-width,100%);--flex-grow:var(--container-widget-flex-grow)}<\/style>\t\t<div class=\"elementor-divider\" style=\"--divider-pattern-url: url(&quot;data:image\/svg+xml,%3Csvg xmlns=&#039;http:\/\/www.w3.org\/2000\/svg&#039; preserveAspectRatio=&#039;none&#039; overflow=&#039;visible&#039; height=&#039;100%&#039; viewBox=&#039;0 0 20 16&#039; fill=&#039;none&#039; stroke=&#039;black&#039; stroke-width=&#039;1&#039; stroke-linecap=&#039;square&#039; stroke-miterlimit=&#039;10&#039;%3E%3Cg transform=&#039;translate(-12.000000, 0)&#039;%3E%3Cpath d=&#039;M28,0L10,18&#039;\/%3E%3Cpath d=&#039;M18,0L0,18&#039;\/%3E%3Cpath d=&#039;M48,0L30,18&#039;\/%3E%3Cpath d=&#039;M38,0L20,18&#039;\/%3E%3C\/g%3E%3C\/svg%3E&quot;);\">\n\t\t\t<span class=\"elementor-divider-separator\">\n\t\t\t\t\t\t<\/span>\n\t\t<\/div>\n\t\t\t\t<\/div>\n\t\t\t\t<\/div>\n\t\t\t\t\t<\/div>\n\t\t<\/div>\n\t\t\t\t\t\t\t<\/div>\n\t\t<\/section>\n\t\t\t\t<section class=\"elementor-section elementor-top-section elementor-element elementor-element-8e1c4cc elementor-section-boxed elementor-section-height-default elementor-section-height-default\" data-id=\"8e1c4cc\" data-element_type=\"section\">\n\t\t\t\t\t\t<div class=\"elementor-container elementor-column-gap-default\">\n\t\t\t\t\t<div class=\"elementor-column elementor-col-100 elementor-top-column elementor-element elementor-element-93d8d22\" data-id=\"93d8d22\" data-element_type=\"column\">\n\t\t\t<div class=\"elementor-widget-wrap elementor-element-populated\">\n\t\t\t\t\t\t\t\t<div class=\"elementor-element elementor-element-00d5115 elementor-widget elementor-widget-text-editor\" data-id=\"00d5115\" data-element_type=\"widget\" data-widget_type=\"text-editor.default\">\n\t\t\t\t<div class=\"elementor-widget-container\">\n\t\t\t<style>\/*! elementor - v3.15.0 - 20-08-2023 *\/\n.elementor-widget-text-editor.elementor-drop-cap-view-stacked .elementor-drop-cap{background-color:#69727d;color:#fff}.elementor-widget-text-editor.elementor-drop-cap-view-framed .elementor-drop-cap{color:#69727d;border:3px solid;background-color:transparent}.elementor-widget-text-editor:not(.elementor-drop-cap-view-default) .elementor-drop-cap{margin-top:8px}.elementor-widget-text-editor:not(.elementor-drop-cap-view-default) .elementor-drop-cap-letter{width:1em;height:1em}.elementor-widget-text-editor .elementor-drop-cap{float:left;text-align:center;line-height:1;font-size:50px}.elementor-widget-text-editor .elementor-drop-cap-letter{display:inline-block}<\/style>\t\t\t\t<p><strong>Pol\u00edtica de Privacidad<\/strong><\/p>\n<p>\u00daltima actualizaci\u00f3n: 15 de Enero del 2024<\/p>\n<p>Gracias por visitar www.eyboxcourier.com. En Eybox Courier S.A.S, entendemos la importancia de proteger su privacidad y nos comprometemos a salvaguardar la informaci\u00f3n personal que nos proporciona. Esta Pol\u00edtica de Privacidad describe c\u00f3mo recopilamos, utilizamos y protegemos su informaci\u00f3n cuando visita nuestro sitio web.<\/p>\n<p><strong>Recopilaci\u00f3n de Informaci\u00f3n Personal<\/strong><\/p>\n<p>Cuando visita eyboxcourier.com, podemos recopilar cierta informaci\u00f3n personal que nos proporciona directa o indirectamente. Esta informaci\u00f3n puede incluir, entre otros, su nombre, direcci\u00f3n de correo electr\u00f3nico, direcci\u00f3n postal, n\u00famero de tel\u00e9fono y detalles de pago. Podemos recopilar esta informaci\u00f3n cuando usted:<\/p>\n<ul>\n<li>Se registra para una cuenta en nuestro sitio web.<\/li>\n<li>Realiza una compra o solicita servicios a trav\u00e9s de nuestro sitio web.<\/li>\n<li>Se suscribe a nuestro bolet\u00edn informativo o actualizaciones por correo electr\u00f3nico.<\/li>\n<li>Participa en encuestas, concursos o promociones en nuestro sitio web.<\/li>\n<li>Interact\u00faa con nuestro sitio web a trav\u00e9s de cookies y tecnolog\u00edas de seguimiento similares (consulte nuestra Pol\u00edtica de Cookies para obtener m\u00e1s informaci\u00f3n).<\/li>\n<\/ul>\n<p><strong>Uso de la Informaci\u00f3n Personal<\/strong><\/p>\n<p>La informaci\u00f3n personal que recopilamos se utiliza para los siguientes prop\u00f3sitos:<\/p>\n<ul>\n<li>Procesar y completar sus pedidos y solicitudes.<\/li>\n<li>Comunicarnos con usted sobre su cuenta, transacciones y actualizaciones.<\/li>\n<li>Proporcionarle informaci\u00f3n sobre nuestros productos, servicios y promociones.<\/li>\n<li>Personalizar y mejorar su experiencia en nuestro sitio web.<\/li>\n<li>Cumplir con nuestras obligaciones legales y regulatorias.<\/li>\n<\/ul>\n<p><strong>Divulgaci\u00f3n de la Informaci\u00f3n Personal<\/strong><\/p>\n<p>No vendemos, intercambiamos ni transferimos su informaci\u00f3n personal a terceros sin su consentimiento, excepto en las siguientes circunstancias:<\/p>\n<ul>\n<li>Con proveedores de servicios externos que nos ayudan a operar nuestro sitio web, llevar a cabo nuestras actividades comerciales o prestar servicios en nuestro nombre, siempre y cuando estos proveedores acepten mantener la confidencialidad de su informaci\u00f3n.<\/li>\n<li>Cuando creemos de buena fe que la divulgaci\u00f3n es necesaria para cumplir con la ley, hacer cumplir nuestras pol\u00edticas o proteger nuestros derechos, propiedad o seguridad, o los derechos, propiedad o seguridad de otros.<\/li>\n<li>En caso de fusi\u00f3n, adquisici\u00f3n o venta de activos, donde se transfiera su informaci\u00f3n personal como parte de la transacci\u00f3n.<\/li>\n<\/ul>\n<p><strong>Seguridad de la Informaci\u00f3n<\/strong><\/p>\n<p>Tomamos medidas razonables para proteger la informaci\u00f3n personal que recopilamos contra p\u00e9rdida, uso indebido, acceso no autorizado, divulgaci\u00f3n, alteraci\u00f3n o destrucci\u00f3n. Sin embargo, tenga en cuenta que ninguna transmisi\u00f3n de datos por Internet o almacenamiento de datos es 100% segura, y no podemos garantizar la seguridad absoluta de su informaci\u00f3n.<\/p>\n<p><strong>Sus Derechos y Elecciones<\/strong><\/p>\n<p>Usted tiene ciertos derechos y opciones con respecto a su informaci\u00f3n personal. Puede:<\/p>\n<ul>\n<li>Acceder, corregir o actualizar su informaci\u00f3n personal en cualquier momento a trav\u00e9s de su cuenta en nuestro sitio web.<\/li>\n<li>Optar por no recibir comunicaciones de marketing por correo electr\u00f3nico siguiendo las instrucciones de cancelaci\u00f3n de suscripci\u00f3n incluidas en cada correo electr\u00f3nico.<\/li>\n<li>Configurar su navegador para que rechace todas las cookies o para que le avise cuando se env\u00eden cookies.<\/li>\n<\/ul>\n<p><strong>Cambios en esta Pol\u00edtica de Privacidad<\/strong><\/p>\n<p>Nos reservamos el derecho de actualizar o modificar esta Pol\u00edtica de Privacidad en cualquier momento y sin previo aviso. Se publicar\u00e1 una versi\u00f3n actualizada en nuestro sitio web con la fecha de la revisi\u00f3n m\u00e1s reciente indicada en la parte superior de la p\u00e1gina. Le recomendamos que revise esta p\u00e1gina peri\u00f3dicamente para estar al tanto de cualquier cambio.<\/p>\n<p><strong>Contacto<\/strong><\/p>\n<p>Si tiene alguna pregunta sobre esta Pol\u00edtica de Privacidad o sobre c\u00f3mo manejamos su informaci\u00f3n personal, cont\u00e1ctenos a trav\u00e9s de info@eyboxcourier.com o la direcci\u00f3n postal proporcionada en nuestro sitio web.s<\/p>\t\t\t\t\t\t<\/div>\n\t\t\t\t<\/div>\n\t\t\t\t\t<\/div>\n\t\t<\/div>\n\t\t\t\t\t\t\t<\/div>\n\t\t<\/section>\n\t\t\t\t<section class=\"elementor-section elementor-top-section elementor-element elementor-element-884570c elementor-section-boxed elementor-section-height-default elementor-section-height-default\" data-id=\"884570c\" data-element_type=\"section\">\n\t\t\t\t\t\t<div class=\"elementor-container elementor-column-gap-default\">\n\t\t\t\t\t<div class=\"elementor-column elementor-col-100 elementor-top-column elementor-element elementor-element-dd3b491\" data-id=\"dd3b491\" data-element_type=\"column\">\n\t\t\t<div class=\"elementor-widget-wrap elementor-element-populated\">\n\t\t\t\t\t\t\t\t<div class=\"elementor-element elementor-element-0624926 elementor-widget elementor-widget-image\" data-id=\"0624926\" data-element_type=\"widget\" data-widget_type=\"image.default\">\n\t\t\t\t<div class=\"elementor-widget-container\">\n\t\t\t<style>\/*! elementor - v3.15.0 - 20-08-2023 *\/\n.elementor-widget-image{text-align:center}.elementor-widget-image a{display:inline-block}.elementor-widget-image a img[src$=\".svg\"]{width:48px}.elementor-widget-image img{vertical-align:middle;display:inline-block}<\/style>\t\t\t\t\t\t\t\t\t\t\t\t<img decoding=\"async\" loading=\"lazy\" width=\"150\" height=\"150\" src=\"https:\/\/eyboxcourier.com\/wp-content\/uploads\/2023\/09\/Diseno-sin-titulo-1-150x150.png\" class=\"attachment-thumbnail size-thumbnail wp-image-263\" alt=\"\" srcset=\"https:\/\/eyboxcourier.com\/wp-content\/uploads\/2023\/09\/Diseno-sin-titulo-1-150x150.png 150w, https:\/\/eyboxcourier.com\/wp-content\/uploads\/2023\/09\/Diseno-sin-titulo-1-300x300.png 300w, https:\/\/eyboxcourier.com\/wp-content\/uploads\/2023\/09\/Diseno-sin-titulo-1.png 500w\" sizes=\"(max-width: 150px) 100vw, 150px\" \/>\t\t\t\t\t\t\t\t\t\t\t\t\t\t\t<\/div>\n\t\t\t\t<\/div>\n\t\t\t\t\t<\/div>\n\t\t<\/div>\n\t\t\t\t\t\t\t<\/div>\n\t\t<\/section>\n\t\t\t\t<section class=\"elementor-section elementor-top-section elementor-element elementor-element-ec4b558 elementor-section-boxed elementor-section-height-default elementor-section-height-default\" data-id=\"ec4b558\" data-element_type=\"section\">\n\t\t\t\t\t\t<div class=\"elementor-container elementor-column-gap-default\">\n\t\t\t\t\t<div class=\"elementor-column elementor-col-100 elementor-top-column elementor-element elementor-element-3fb1e1a\" data-id=\"3fb1e1a\" data-element_type=\"column\">\n\t\t\t<div class=\"elementor-widget-wrap elementor-element-populated\">\n\t\t\t\t\t\t\t\t<div class=\"elementor-element elementor-element-3e69e52 elementor-widget-divider--separator-type-pattern elementor-widget-divider--view-line elementor-widget elementor-widget-divider\" data-id=\"3e69e52\" data-element_type=\"widget\" data-widget_type=\"divider.default\">\n\t\t\t\t<div class=\"elementor-widget-container\">\n\t\t\t\t\t<div class=\"elementor-divider\" style=\"--divider-pattern-url: url(&quot;data:image\/svg+xml,%3Csvg xmlns=&#039;http:\/\/www.w3.org\/2000\/svg&#039; preserveAspectRatio=&#039;none&#039; overflow=&#039;visible&#039; height=&#039;100%&#039; viewBox=&#039;0 0 20 16&#039; fill=&#039;none&#039; stroke=&#039;black&#039; stroke-width=&#039;1&#039; stroke-linecap=&#039;square&#039; stroke-miterlimit=&#039;10&#039;%3E%3Cg transform=&#039;translate(-12.000000, 0)&#039;%3E%3Cpath d=&#039;M28,0L10,18&#039;\/%3E%3Cpath d=&#039;M18,0L0,18&#039;\/%3E%3Cpath d=&#039;M48,0L30,18&#039;\/%3E%3Cpath d=&#039;M38,0L20,18&#039;\/%3E%3C\/g%3E%3C\/svg%3E&quot;);\">\n\t\t\t<span class=\"elementor-divider-separator\">\n\t\t\t\t\t\t<\/span>\n\t\t<\/div>\n\t\t\t\t<\/div>\n\t\t\t\t<\/div>\n\t\t\t\t\t<\/div>\n\t\t<\/div>\n\t\t\t\t\t\t\t<\/div>\n\t\t<\/section>\n\t\t\t\t<section class=\"elementor-section elementor-top-section elementor-element elementor-element-07297bd elementor-section-boxed elementor-section-height-default elementor-section-height-default\" data-id=\"07297bd\" data-element_type=\"section\">\n\t\t\t\t\t\t<div class=\"elementor-container elementor-column-gap-default\">\n\t\t\t\t\t<div class=\"elementor-column elementor-col-100 elementor-top-column elementor-element elementor-element-6adbd77\" data-id=\"6adbd77\" data-element_type=\"column\">\n\t\t\t<div class=\"elementor-widget-wrap elementor-element-populated\">\n\t\t\t\t\t\t\t\t<div class=\"elementor-element elementor-element-dea1efc elementor-widget elementor-widget-image\" data-id=\"dea1efc\" data-element_type=\"widget\" data-widget_type=\"image.default\">\n\t\t\t\t<div class=\"elementor-widget-container\">\n\t\t\t\t\t\t\t\t\t\t\t\t\t\t\t<img decoding=\"async\" loading=\"lazy\" width=\"1024\" height=\"172\" src=\"https:\/\/eyboxcourier.com\/wp-content\/uploads\/2023\/06\/Recurso-12Importa-1024x172.jpg\" class=\"attachment-large size-large wp-image-84\" alt=\"\" srcset=\"https:\/\/eyboxcourier.com\/wp-content\/uploads\/2023\/06\/Recurso-12Importa-1024x172.jpg 1024w, https:\/\/eyboxcourier.com\/wp-content\/uploads\/2023\/06\/Recurso-12Importa-300x50.jpg 300w, https:\/\/eyboxcourier.com\/wp-content\/uploads\/2023\/06\/Recurso-12Importa-768x129.jpg 768w, https:\/\/eyboxcourier.com\/wp-content\/uploads\/2023\/06\/Recurso-12Importa-1536x258.jpg 1536w, https:\/\/eyboxcourier.com\/wp-content\/uploads\/2023\/06\/Recurso-12Importa-2048x344.jpg 2048w\" sizes=\"(max-width: 1024px) 100vw, 1024px\" \/>\t\t\t\t\t\t\t\t\t\t\t\t\t\t\t<\/div>\n\t\t\t\t<\/div>\n\t\t\t\t\t<\/div>\n\t\t<\/div>\n\t\t\t\t\t\t\t<\/div>\n\t\t<\/section>\n\t\t\t\t\t\t\t<\/div>\n\t\t","protected":false},"excerpt":{"rendered":"<p>Pol\u00edtica de Privacidad \u00daltima actualizaci\u00f3n: 15 de Enero del 2024 Gracias por visitar www.eyboxcourier.com. En Eybox Courier S.A.S, entendemos la importancia de proteger su privacidad y nos comprometemos a salvaguardar la informaci\u00f3n personal que nos proporciona. Esta Pol\u00edtica de Privacidad describe c\u00f3mo recopilamos, utilizamos y protegemos su informaci\u00f3n cuando visita nuestro sitio web. Recopilaci\u00f3n de &hellip;<\/p>\n<p class=\"read-more\"> <a class=\"\" href=\"https:\/\/eyboxcourier.com\/index.php\/politica-de-privacidad\/\"> <span class=\"screen-reader-text\">Pol\u00edtica de Privacidad<\/span> Leer m\u00e1s &raquo;<\/a><\/p>\n","protected":false},"author":1,"featured_media":0,"parent":0,"menu_order":0,"comment_status":"closed","ping_status":"closed","template":"","meta":{"site-sidebar-layout":"no-sidebar","site-content-layout":"page-builder","ast-global-header-display":"","ast-banner-title-visibility":"","ast-main-header-display":"","ast-hfb-above-header-display":"","ast-hfb-below-header-display":"","ast-hfb-mobile-header-display":"","site-post-title":"disabled","ast-breadcrumbs-content":"","ast-featured-img":"disabled","footer-sml-layout":"","theme-transparent-header-meta":"","adv-header-id-meta":"","stick-header-meta":"","header-above-stick-meta":"","header-main-stick-meta":"","header-below-stick-meta":"","footnotes":""},"_links":{"self":[{"href":"https:\/\/eyboxcourier.com\/index.php\/wp-json\/wp\/v2\/pages\/303"}],"collection":[{"href":"https:\/\/eyboxcourier.com\/index.php\/wp-json\/wp\/v2\/pages"}],"about":[{"href":"https:\/\/eyboxcourier.com\/index.php\/wp-json\/wp\/v2\/types\/page"}],"author":[{"embeddable":true,"href":"https:\/\/eyboxcourier.com\/index.php\/wp-json\/wp\/v2\/users\/1"}],"replies":[{"embeddable":true,"href":"https:\/\/eyboxcourier.com\/index.php\/wp-json\/wp\/v2\/comments?post=303"}],"version-history":[{"count":11,"href":"https:\/\/eyboxcourier.com\/index.php\/wp-json\/wp\/v2\/pages\/303\/revisions"}],"predecessor-version":[{"id":318,"href":"https:\/\/eyboxcourier.com\/index.php\/wp-json\/wp\/v2\/pages\/303\/revisions\/318"}],"wp:attachment":[{"href":"https:\/\/eyboxcourier.com\/index.php\/wp-json\/wp\/v2\/media?parent=303"}],"curies":[{"name":"wp","href":"https:\/\/api.w.org\/{rel}","templated":true}]}}